{"id":650,"date":"2019-05-26T17:54:25","date_gmt":"2019-05-26T17:54:25","guid":{"rendered":"http:\/\/subsolardesigns.com\/leona\/?page_id=650"},"modified":"2026-02-22T19:48:34","modified_gmt":"2026-02-22T19:48:34","slug":"coming-soon","status":"publish","type":"page","link":"https:\/\/joseliraescritor.com\/?page_id=650","title":{"rendered":"Coming Soon"},"content":{"rendered":"\t\t<div data-elementor-type=\"wp-post\" data-elementor-id=\"650\" class=\"elementor elementor-650\">\n\t\t\t\t\t\t<section class=\"elementor-section elementor-top-section elementor-element elementor-element-34a29d4 elementor-section-stretched elementor-section-content-middle elementor-section-boxed elementor-section-height-default elementor-section-height-default\" data-id=\"34a29d4\" data-element_type=\"section\" data-settings=\"{&quot;stretch_section&quot;:&quot;section-stretched&quot;,&quot;background_background&quot;:&quot;classic&quot;,&quot;background_image&quot;:{&quot;url&quot;:&quot;&quot;,&quot;id&quot;:&quot;&quot;,&quot;size&quot;:&quot;&quot;}}\">\n\t\t\t\t\t\t<div class=\"elementor-container elementor-column-gap-wider\">\n\t\t\t\t\t<div class=\"elementor-column elementor-col-50 elementor-top-column elementor-element elementor-element-bb8e88d\" data-id=\"bb8e88d\" data-element_type=\"column\">\n\t\t\t<div class=\"elementor-widget-wrap elementor-element-populated\">\n\t\t\t\t\t\t<div class=\"elementor-element elementor-element-6428549 elementor-widget elementor-widget-image\" data-id=\"6428549\" data-element_type=\"widget\" data-widget_type=\"image.default\">\n\t\t\t\t<div class=\"elementor-widget-container\">\n\t\t\t\t\t\t\t\t\t\t\t\t\t\t\t<img decoding=\"async\" src=\"https:\/\/joseliraescritor.com\/wp-content\/uploads\/2025\/07\/vecteezy_3d-space-rocket-render-with-transparent-background_22996345-scaled-e1751656083147.png\" title=\"vecteezy_3d-space-rocket-render-with-transparent-background_22996345\" alt=\"vecteezy_3d-space-rocket-render-with-transparent-background_22996345\" loading=\"lazy\" \/>\t\t\t\t\t\t\t\t\t\t\t\t\t\t\t<\/div>\n\t\t\t\t<\/div>\n\t\t\t\t<div class=\"elementor-element elementor-element-85d5e3a elementor-widget elementor-widget-heading\" data-id=\"85d5e3a\" data-element_type=\"widget\" data-widget_type=\"heading.default\">\n\t\t\t\t<div class=\"elementor-widget-container\">\n\t\t\t\t\t<h2 class=\"elementor-heading-title elementor-size-default\">coming soon.<\/h2>\t\t\t\t<\/div>\n\t\t\t\t<\/div>\n\t\t\t\t<div class=\"elementor-element elementor-element-4f3fc3f elementor-widget elementor-widget-heading\" data-id=\"4f3fc3f\" data-element_type=\"widget\" data-widget_type=\"heading.default\">\n\t\t\t\t<div class=\"elementor-widget-container\">\n\t\t\t\t\t<h2 class=\"elementor-heading-title elementor-size-default\">M\u00e1s All\u00e1 Del Control<\/h2>\t\t\t\t<\/div>\n\t\t\t\t<\/div>\n\t\t\t\t<div class=\"elementor-element elementor-element-9143df9 elementor-widget elementor-widget-heading\" data-id=\"9143df9\" data-element_type=\"widget\" data-widget_type=\"heading.default\">\n\t\t\t\t<div class=\"elementor-widget-container\">\n\t\t\t\t\t<h6 class=\"elementor-heading-title elementor-size-default\">By Jos\u00e9 De Jes\u00fas Lira<\/h6>\t\t\t\t<\/div>\n\t\t\t\t<\/div>\n\t\t\t\t<div class=\"elementor-element elementor-element-2c6d74b elementor-widget elementor-widget-text-editor\" data-id=\"2c6d74b\" data-element_type=\"widget\" data-widget_type=\"text-editor.default\">\n\t\t\t\t<div class=\"elementor-widget-container\">\n\t\t\t\t\t\t\t\t\t<div class=\"woocommerce-product-details__short-description\"><p>The world, now wrapped in a warm light of hope, seemed to breathe with renewed energy. In every corner of the planet, the profound change that had begun echoed a global transformation. The oceans, once wounded by human neglect, were beginning to regenerate thanks to conscious technologies that restored their balance. Cities, vibrant with life, had become spaces where humanity and nature were no longer enemies, but allies. And, in the midst of all this, people were rediscovering their innate capacity to love, to create, and to connect with something much larger than themselves.<\/p><\/div>\t\t\t\t\t\t\t\t<\/div>\n\t\t\t\t<\/div>\n\t\t\t\t<div class=\"elementor-element elementor-element-e6f875e elementor-widget elementor-widget-ssd_countdown\" data-id=\"e6f875e\" data-element_type=\"widget\" data-settings=\"{&quot;countdown_type&quot;:&quot;countdown&quot;}\" data-widget_type=\"ssd_countdown.default\">\n\t\t\t\t<div class=\"elementor-widget-container\">\n\t\t\t\t\t\r\n\t<div class=\"SSDCountdown\">\r\n\r\n\t\t<div class=\"ssd-countdown-content text-right\">\r\n\t\t\t\r\n\t\t\t<div class=\"ssd-countdown-date\">\r\n\t\t\t\t\t\t\t\t\t\t\t\t\t\t<div class=\"is-jscountdown\" data-release-date=\"2019\/07\/03 12:00:00\"><\/div>\r\n\t\t\t\t\t\t\t\t\t\t\t<span class=\"countdown-expired-text font-subheading\">OUT NOW<\/span>\r\n\t\t\t\t\t\t\t\t\t\t\t\t<\/div>\r\n\t\t<\/div><!-- end ssd-countdown-content -->\r\n\t\t\r\n\t<\/div><!-- end SSDCountdown -->\r\n\t\t\t\t\t<\/div>\n\t\t\t\t<\/div>\n\t\t\t\t<div class=\"elementor-element elementor-element-8f2a8c4 elementor-button-minimal elementor-align-right elementor-button-separator elementor-widget elementor-widget-button\" data-id=\"8f2a8c4\" data-element_type=\"widget\" data-widget_type=\"button.default\">\n\t\t\t\t<div class=\"elementor-widget-container\">\n\t\t\t\t\t\t\t\t\t<div class=\"elementor-button-wrapper\">\n\t\t\t\t\t<a class=\"elementor-button elementor-button-link elementor-size-sm\" href=\"https:\/\/joseliraescritor.com\/?product=mas-alla-del-control\">\n\t\t\t\t\t\t<span class=\"elementor-button-content-wrapper\">\n\t\t\t\t\t\t\t\t\t<span class=\"elementor-button-text\">Learn More<\/span>\n\t\t\t\t\t<\/span>\n\t\t\t\t\t<\/a>\n\t\t\t\t<\/div>\n\t\t\t\t\t\t\t\t<\/div>\n\t\t\t\t<\/div>\n\t\t\t\t\t<\/div>\n\t\t<\/div>\n\t\t\t\t<div class=\"elementor-column elementor-col-50 elementor-top-column elementor-element elementor-element-a5d9655\" data-id=\"a5d9655\" data-element_type=\"column\">\n\t\t\t<div class=\"elementor-widget-wrap elementor-element-populated\">\n\t\t\t\t\t\t<div class=\"elementor-element elementor-element-b8029ec elementor-widget elementor-widget-ssd_single_product\" data-id=\"b8029ec\" data-element_type=\"widget\" data-widget_type=\"ssd_single_product.default\">\n\t\t\t\t<div class=\"elementor-widget-container\">\n\t\t\t\t\t\r\n\t\t<div class=\"SingleProductWidget\">\r\n\r\n\t\t\t\r\n\t\t\t\t<a href=\"https:\/\/joseliraescritor.com\/?product=mas-alla-del-control\" class=\"single-product-image text-center\">\r\n\t\t\t\t\t\t\t\t\t\t\t<div class=\"image-has-rotate\">\t\t\t\r\n\t\t\t\t\t\t\t<div class=\"image-rotate-wrapper\">\r\n\t\t\t\t\t\t\t\t<img decoding=\"async\" src=\"https:\/\/joseliraescritor.com\/wp-content\/uploads\/2025\/04\/Screenshot-2025-12-23-at-11-37-53-Cubierta-Mas-alla-1-a-Cubierta-Mas-alla-1-a.pdf.png\">\r\n\t\t\t\t\t\t\t\t<div class=\"rotate-before-image\"><\/div>\r\n\t\t\t\t\t\t\t\t<div class=\"image-rotate-shadow\"><\/div>\r\n\t\t\t\t\t\t\t<\/div>\r\n\t\t\t\t\t\t<\/div>\r\n\t\t\t\t\t\r\n\t\t\t\t<\/a>\r\n\t\t\t\t<div class=\"single-product-meta text-center\">\r\n\t\t\t\t\t\t\t\t\t\t\t\t\t\t\t\t\t\t\t\t\t\t\t\t\t\t\t\t\t<\/div>\r\n\r\n\t\t\t\t\t\t\t\r\n\t\t<\/div><!-- end SingleProducts -->\r\n\r\n\r\n\t\t\t\t\t<\/div>\n\t\t\t\t<\/div>\n\t\t\t\t\t<\/div>\n\t\t<\/div>\n\t\t\t\t\t<\/div>\n\t\t<\/section>\n\t\t\t\t<section class=\"elementor-section elementor-top-section elementor-element elementor-element-7832581 elementor-section-boxed elementor-section-height-default elementor-section-height-default\" data-id=\"7832581\" data-element_type=\"section\">\n\t\t\t\t\t\t<div class=\"elementor-container elementor-column-gap-default\">\n\t\t\t\t\t<div class=\"elementor-column elementor-col-100 elementor-top-column elementor-element elementor-element-df11390\" data-id=\"df11390\" data-element_type=\"column\">\n\t\t\t<div class=\"elementor-widget-wrap elementor-element-populated\">\n\t\t\t\t\t\t<div class=\"elementor-element elementor-element-fe92ec3 elementor-view-stacked elementor-shape-circle elementor-position-top elementor-vertical-align-top elementor-widget elementor-widget-icon_box_extended\" data-id=\"fe92ec3\" data-element_type=\"widget\" data-widget_type=\"icon_box_extended.default\">\n\t\t\t\t<div class=\"elementor-widget-container\">\n\t\t\t\t\t\t\t<div class=\"elementor-icon_box_extended-wrapper\">\r\n\t\t\t\t\t\t\t\t\t\t<div class=\"elementor-icon_box_extended-icon\">\r\n\t\t\t\t\t<span class=\"elementor-icon elementor-animation-\" >\r\n\t\t\t\t\t<svg viewBox=\"0 0 100 100\" class=\"icon-svg\">\r\n\t\t\t\t\t\t<use xlink:href=\"#icon-svg-cityscape\"><\/use>\r\n\t\t\t\t\t<\/svg>\r\n\t\t\t\t\t<\/span>\r\n\t\t\t\t<\/div>\r\n\t\t\t\t\t\t<div class=\"elementor-icon_box_extended-content\">\r\n\t\t\t\t<h3 class=\"elementor-icon_box_extended-title\">\r\n\t\t\t\t<span >Life<\/span>\r\n\t\t\t\t<\/h3>\r\n\t\t\t\t<p><span class=\"elementor-icon_box_extended-description\">These are the voyages of the Starship Enterprise. The weather started getting rough - the tiny ship was tossed.<\/span><\/p>\r\n\t\t\t<\/div>\r\n\t\t<\/div>\r\n\t\t\t\t\t\t<\/div>\n\t\t\t\t<\/div>\n\t\t\t\t\t<\/div>\n\t\t<\/div>\n\t\t\t\t<div class=\"elementor-column elementor-col-100 elementor-top-column elementor-element elementor-element-b59644e\" data-id=\"b59644e\" data-element_type=\"column\">\n\t\t\t<div class=\"elementor-widget-wrap elementor-element-populated\">\n\t\t\t\t\t\t<div class=\"elementor-element elementor-element-7243767 elementor-view-stacked elementor-shape-circle elementor-position-top elementor-vertical-align-top elementor-widget elementor-widget-icon_box_extended\" data-id=\"7243767\" data-element_type=\"widget\" data-widget_type=\"icon_box_extended.default\">\n\t\t\t\t<div class=\"elementor-widget-container\">\n\t\t\t\t\t\t\t<div class=\"elementor-icon_box_extended-wrapper\">\r\n\t\t\t\t\t\t\t\t\t\t<div class=\"elementor-icon_box_extended-icon\">\r\n\t\t\t\t\t<span class=\"elementor-icon elementor-animation-\" >\r\n\t\t\t\t\t<svg viewBox=\"0 0 100 100\" class=\"icon-svg\">\r\n\t\t\t\t\t\t<use xlink:href=\"#icon-svg-ink\"><\/use>\r\n\t\t\t\t\t<\/svg>\r\n\t\t\t\t\t<\/span>\r\n\t\t\t\t<\/div>\r\n\t\t\t\t\t\t<div class=\"elementor-icon_box_extended-content\">\r\n\t\t\t\t<h3 class=\"elementor-icon_box_extended-title\">\r\n\t\t\t\t<span >Story<\/span>\r\n\t\t\t\t<\/h3>\r\n\t\t\t\t<p><span class=\"elementor-icon_box_extended-description\">These are the voyages of the Starship Enterprise. The weather started getting rough - the tiny ship was tossed.<\/span><\/p>\r\n\t\t\t<\/div>\r\n\t\t<\/div>\r\n\t\t\t\t\t\t<\/div>\n\t\t\t\t<\/div>\n\t\t\t\t\t<\/div>\n\t\t<\/div>\n\t\t\t\t<div class=\"elementor-column elementor-col-100 elementor-top-column elementor-element elementor-element-8ce7229\" data-id=\"8ce7229\" data-element_type=\"column\">\n\t\t\t<div class=\"elementor-widget-wrap elementor-element-populated\">\n\t\t\t\t\t\t<div class=\"elementor-element elementor-element-dcb0224 elementor-view-stacked elementor-shape-circle elementor-position-top elementor-vertical-align-top elementor-widget elementor-widget-icon_box_extended\" data-id=\"dcb0224\" data-element_type=\"widget\" data-widget_type=\"icon_box_extended.default\">\n\t\t\t\t<div class=\"elementor-widget-container\">\n\t\t\t\t\t\t\t<div class=\"elementor-icon_box_extended-wrapper\">\r\n\t\t\t\t\t\t\t\t\t\t<div class=\"elementor-icon_box_extended-icon\">\r\n\t\t\t\t\t<span class=\"elementor-icon elementor-animation-\" >\r\n\t\t\t\t\t<svg viewBox=\"0 0 100 100\" class=\"icon-svg\">\r\n\t\t\t\t\t\t<use xlink:href=\"#icon-svg-heart\"><\/use>\r\n\t\t\t\t\t<\/svg>\r\n\t\t\t\t\t<\/span>\r\n\t\t\t\t<\/div>\r\n\t\t\t\t\t\t<div class=\"elementor-icon_box_extended-content\">\r\n\t\t\t\t<h3 class=\"elementor-icon_box_extended-title\">\r\n\t\t\t\t<span >Love<\/span>\r\n\t\t\t\t<\/h3>\r\n\t\t\t\t<p><span class=\"elementor-icon_box_extended-description\">These are the voyages of the Starship Enterprise. The weather started getting rough - the tiny ship was tossed.<\/span><\/p>\r\n\t\t\t<\/div>\r\n\t\t<\/div>\r\n\t\t\t\t\t\t<\/div>\n\t\t\t\t<\/div>\n\t\t\t\t\t<\/div>\n\t\t<\/div>\n\t\t\t\t\t<\/div>\n\t\t<\/section>\n\t\t\t\t<section class=\"elementor-section elementor-top-section elementor-element elementor-element-8ee926b elementor-section-boxed elementor-section-height-default elementor-section-height-default\" data-id=\"8ee926b\" data-element_type=\"section\">\n\t\t\t\t\t\t<div class=\"elementor-container elementor-column-gap-default\">\n\t\t\t\t\t<div class=\"elementor-column elementor-col-100 elementor-top-column elementor-element elementor-element-910b86c\" data-id=\"910b86c\" data-element_type=\"column\">\n\t\t\t<div class=\"elementor-widget-wrap elementor-element-populated\">\n\t\t\t\t\t\t<div class=\"elementor-element elementor-element-7fba7ec elementor-widget-divider--view-line elementor-widget elementor-widget-divider\" data-id=\"7fba7ec\" data-element_type=\"widget\" data-widget_type=\"divider.default\">\n\t\t\t\t<div class=\"elementor-widget-container\">\n\t\t\t\t\t\t\t<div class=\"elementor-divider\">\n\t\t\t<span class=\"elementor-divider-separator\">\n\t\t\t\t\t\t<\/span>\n\t\t<\/div>\n\t\t\t\t\t\t<\/div>\n\t\t\t\t<\/div>\n\t\t\t\t\t<\/div>\n\t\t<\/div>\n\t\t\t\t\t<\/div>\n\t\t<\/section>\n\t\t\t\t<section class=\"elementor-section elementor-top-section elementor-element elementor-element-06d53e0 elementor-section-boxed elementor-section-height-default elementor-section-height-default\" data-id=\"06d53e0\" data-element_type=\"section\">\n\t\t\t\t\t\t<div class=\"elementor-container elementor-column-gap-default\">\n\t\t\t\t\t<div class=\"elementor-column elementor-col-100 elementor-top-column elementor-element elementor-element-0444bfb\" data-id=\"0444bfb\" data-element_type=\"column\" data-settings=\"{&quot;background_background&quot;:&quot;classic&quot;}\">\n\t\t\t<div class=\"elementor-widget-wrap elementor-element-populated\">\n\t\t\t\t\t\t<div class=\"elementor-element elementor-element-f8e319f elementor-widget elementor-widget-heading\" data-id=\"f8e319f\" data-element_type=\"widget\" data-widget_type=\"heading.default\">\n\t\t\t\t<div class=\"elementor-widget-container\">\n\t\t\t\t\t<h5 class=\"elementor-heading-title elementor-size-default\">Tell me when it's released!<\/h5>\t\t\t\t<\/div>\n\t\t\t\t<\/div>\n\t\t\t\t<div class=\"elementor-element elementor-element-94e4a2d elementor-widget elementor-widget-ssd_mailchimp\" data-id=\"94e4a2d\" data-element_type=\"widget\" data-widget_type=\"ssd_mailchimp.default\">\n\t\t\t\t<div class=\"elementor-widget-container\">\n\t\t\t\t\t\r\n\t<div class=\"MailchimpContent\">\r\n\t\t\t\r\n\t<\/div><!-- end MailchimpWidget -->\r\n\r\n\r\n\t\t\t\t\t<\/div>\n\t\t\t\t<\/div>\n\t\t\t\t\t<\/div>\n\t\t<\/div>\n\t\t\t\t\t<\/div>\n\t\t<\/section>\n\t\t\t\t<\/div>\n\t\t","protected":false},"excerpt":{"rendered":"<p>coming soon. M\u00e1s All\u00e1 Del Control By Jos\u00e9 De Jes\u00fas Lira The world, now wrapped in a warm light of hope, seemed to breathe with&#8230;<\/p>\n","protected":false},"author":1,"featured_media":0,"parent":0,"menu_order":0,"comment_status":"closed","ping_status":"closed","template":"","meta":{"_monsterinsights_skip_tracking":false,"_monsterinsights_sitenote_active":false,"_monsterinsights_sitenote_note":"","_monsterinsights_sitenote_category":0,"footnotes":""},"class_list":["post-650","page","type-page","status-publish","hentry"],"aioseo_notices":[],"_links":{"self":[{"href":"https:\/\/joseliraescritor.com\/index.php?rest_route=\/wp\/v2\/pages\/650","targetHints":{"allow":["GET"]}}],"collection":[{"href":"https:\/\/joseliraescritor.com\/index.php?rest_route=\/wp\/v2\/pages"}],"about":[{"href":"https:\/\/joseliraescritor.com\/index.php?rest_route=\/wp\/v2\/types\/page"}],"author":[{"embeddable":true,"href":"https:\/\/joseliraescritor.com\/index.php?rest_route=\/wp\/v2\/users\/1"}],"replies":[{"embeddable":true,"href":"https:\/\/joseliraescritor.com\/index.php?rest_route=%2Fwp%2Fv2%2Fcomments&post=650"}],"version-history":[{"count":15,"href":"https:\/\/joseliraescritor.com\/index.php?rest_route=\/wp\/v2\/pages\/650\/revisions"}],"predecessor-version":[{"id":2414,"href":"https:\/\/joseliraescritor.com\/index.php?rest_route=\/wp\/v2\/pages\/650\/revisions\/2414"}],"wp:attachment":[{"href":"https:\/\/joseliraescritor.com\/index.php?rest_route=%2Fwp%2Fv2%2Fmedia&parent=650"}],"curies":[{"name":"wp","href":"https:\/\/api.w.org\/{rel}","templated":true}]}}